{"id":11363,"date":"2024-09-09T11:35:39","date_gmt":"2024-09-09T09:35:39","guid":{"rendered":"https:\/\/lecasierfrancais.fr\/?page_id=11363"},"modified":"2026-03-30T14:45:12","modified_gmt":"2026-03-30T12:45:12","slug":"le-click-and-case-collect","status":"publish","type":"page","link":"https:\/\/lecasierfrancais.fr\/index.php\/le-click-and-case-collect\/","title":{"rendered":"Le Click and Case Collect"},"content":{"rendered":"[vc_row type=\u00a0\u00bbin_container\u00a0\u00bb full_screen_row_position=\u00a0\u00bbmiddle\u00a0\u00bb scene_position=\u00a0\u00bbcenter\u00a0\u00bb text_color=\u00a0\u00bbdark\u00a0\u00bb text_align=\u00a0\u00bbleft\u00a0\u00bb overlay_strength=\u00a0\u00bb0.3&Prime; shape_divider_position=\u00a0\u00bbbottom\u00a0\u00bb][vc_column column_padding=\u00a0\u00bbno-extra-padding\u00a0\u00bb column_padding_position=\u00a0\u00bball\u00a0\u00bb background_color_opacity=\u00a0\u00bb1&Prime; background_hover_color_opacity=\u00a0\u00bb1&Prime; column_shadow=\u00a0\u00bbnone\u00a0\u00bb column_border_radius=\u00a0\u00bbnone\u00a0\u00bb width=\u00a0\u00bb1\/6&Prime; tablet_text_alignment=\u00a0\u00bbdefault\u00a0\u00bb phone_text_alignment=\u00a0\u00bbdefault\u00a0\u00bb column_border_width=\u00a0\u00bbnone\u00a0\u00bb column_border_style=\u00a0\u00bbsolid\u00a0\u00bb][nectar_btn size=\u00a0\u00bblarge\u00a0\u00bb button_style=\u00a0\u00bbregular\u00a0\u00bb button_color_2=\u00a0\u00bbAccent-Color\u00a0\u00bb color_override=\u00a0\u00bb#64ba87&Prime; icon_family=\u00a0\u00bbfontawesome\u00a0\u00bb text=\u00a0\u00bbRetour\u00a0\u00bb icon_fontawesome=\u00a0\u00bbfa fa-arrow-circle-left\u00a0\u00bb url=\u00a0\u00bb\/index.php\/nos-solutions-modulables\/nos-services\/\u00a0\u00bb][\/vc_column][vc_column column_padding=\u00a0\u00bbno-extra-padding\u00a0\u00bb column_padding_position=\u00a0\u00bball\u00a0\u00bb background_color_opacity=\u00a0\u00bb1&Prime; background_hover_color_opacity=\u00a0\u00bb1&Prime; column_shadow=\u00a0\u00bbnone\u00a0\u00bb column_border_radius=\u00a0\u00bbnone\u00a0\u00bb width=\u00a0\u00bb5\/6&Prime; tablet_text_alignment=\u00a0\u00bbdefault\u00a0\u00bb phone_text_alignment=\u00a0\u00bbdefault\u00a0\u00bb column_border_width=\u00a0\u00bbnone\u00a0\u00bb column_border_style=\u00a0\u00bbsolid\u00a0\u00bb][\/vc_column][\/vc_row][vc_row type=\u00a0\u00bbin_container\u00a0\u00bb full_screen_row_position=\u00a0\u00bbmiddle\u00a0\u00bb equal_height=\u00a0\u00bbyes\u00a0\u00bb scene_position=\u00a0\u00bbcenter\u00a0\u00bb text_color=\u00a0\u00bbdark\u00a0\u00bb text_align=\u00a0\u00bbleft\u00a0\u00bb bottom_padding=\u00a0\u00bb3%\u00a0\u00bb overlay_strength=\u00a0\u00bb0.3&Prime; shape_divider_position=\u00a0\u00bbbottom\u00a0\u00bb shape_type=\u00a0\u00bb\u00a0\u00bb][vc_column centered_text=\u00a0\u00bbtrue\u00a0\u00bb column_padding=\u00a0\u00bbno-extra-padding\u00a0\u00bb column_padding_position=\u00a0\u00bball\u00a0\u00bb background_color_opacity=\u00a0\u00bb1&Prime; background_hover_color_opacity=\u00a0\u00bb1&Prime; column_shadow=\u00a0\u00bbnone\u00a0\u00bb column_border_radius=\u00a0\u00bb20px\u00a0\u00bb width=\u00a0\u00bb1\/2&Prime; tablet_text_alignment=\u00a0\u00bbdefault\u00a0\u00bb phone_text_alignment=\u00a0\u00bbdefault\u00a0\u00bb column_border_width=\u00a0\u00bbnone\u00a0\u00bb column_border_color=\u00a0\u00bb#f9f9f9&Prime;]<div class=\"img-with-aniamtion-wrap center\" data-max-width=\"100%\" data-border-radius=\"20px\"><div class=\"inner\"><img decoding=\"async\" data-shadow=\"none\" data-shadow-direction=\"middle\" class=\"img-with-animation \" data-delay=\"0\" height=\"2000\" width=\"2000\" data-animation=\"fade-in\" src=\"https:\/\/lecasierfrancais.fr\/wp-content\/uploads\/2024\/09\/Outils-1.png\" srcset=\"https:\/\/lecasierfrancais.fr\/wp-content\/uploads\/2024\/09\/Outils-1.png 2000w, https:\/\/lecasierfrancais.fr\/wp-content\/uploads\/2024\/09\/Outils-1-300x300.png 300w, https:\/\/lecasierfrancais.fr\/wp-content\/uploads\/2024\/09\/Outils-1-1024x1024.png 1024w, https:\/\/lecasierfrancais.fr\/wp-content\/uploads\/2024\/09\/Outils-1-150x150.png 150w, https:\/\/lecasierfrancais.fr\/wp-content\/uploads\/2024\/09\/Outils-1-768x768.png 768w, https:\/\/lecasierfrancais.fr\/wp-content\/uploads\/2024\/09\/Outils-1-1536x1536.png 1536w, https:\/\/lecasierfrancais.fr\/wp-content\/uploads\/2024\/09\/Outils-1-2048x2048.png 2048w, https:\/\/lecasierfrancais.fr\/wp-content\/uploads\/2024\/09\/Outils-1-100x100.png 100w, https:\/\/lecasierfrancais.fr\/wp-content\/uploads\/2024\/09\/Outils-1-140x140.png 140w, https:\/\/lecasierfrancais.fr\/wp-content\/uploads\/2024\/09\/Outils-1-500x500.png 500w, https:\/\/lecasierfrancais.fr\/wp-content\/uploads\/2024\/09\/Outils-1-350x350.png 350w, https:\/\/lecasierfrancais.fr\/wp-content\/uploads\/2024\/09\/Outils-1-1000x1000.png 1000w, https:\/\/lecasierfrancais.fr\/wp-content\/uploads\/2024\/09\/Outils-1-800x800.png 800w, https:\/\/lecasierfrancais.fr\/wp-content\/uploads\/2024\/09\/Outils-1-200x200.png 200w\" sizes=\"100vw\" alt=\"casier click and collect\" \/><\/div><\/div>[\/vc_column][vc_column column_padding=\u00a0\u00bbpadding-3-percent\u00a0\u00bb column_padding_position=\u00a0\u00bball\u00a0\u00bb background_color_opacity=\u00a0\u00bb1&Prime; background_hover_color_opacity=\u00a0\u00bb1&Prime; column_shadow=\u00a0\u00bbnone\u00a0\u00bb column_border_radius=\u00a0\u00bbnone\u00a0\u00bb width=\u00a0\u00bb1\/2&Prime; tablet_text_alignment=\u00a0\u00bbdefault\u00a0\u00bb phone_text_alignment=\u00a0\u00bbdefault\u00a0\u00bb column_border_width=\u00a0\u00bbnone\u00a0\u00bb column_border_style=\u00a0\u00bbsolid\u00a0\u00bb][vc_column_text]\n<h1><span style=\"color: #29235c;\">Proposez \u00e0 vos clients le Click and Case Collect dans votre point de vente en libre-service !<\/span><\/h1>\n[\/vc_column_text]<div class=\"divider-wrap\"><div style=\"margin-top: 10px; height: 2px; margin-bottom: 10px;\" data-width=\"100%\" data-animate=\"\" data-animation-delay=\"\" data-color=\"default\" class=\"divider-border\"><\/div><\/div>[vc_column_text]Le Casier Fran\u00e7ais a imagin\u00e9 une solution de retrait de commandes via casier click and collect pour vos clients dans votre point de vente par distributeur automatique : <strong>le Click and Case Collect<\/strong>. Ils ach\u00e8tent vos produits via notre application mobile et r\u00e9cup\u00e8rent leur commande directement dans votre distributeur alimentaire d\u00e8s qu\u2019elle est pr\u00eate.[\/vc_column_text]<div class=\"divider-wrap\"><div style=\"height: 40px;\" class=\"divider\"><\/div><\/div>[vc_row_inner equal_height=\u00a0\u00bbyes\u00a0\u00bb content_placement=\u00a0\u00bbmiddle\u00a0\u00bb column_margin=\u00a0\u00bbdefault\u00a0\u00bb text_align=\u00a0\u00bbleft\u00a0\u00bb][vc_column_inner column_padding=\u00a0\u00bbpadding-3-percent\u00a0\u00bb column_padding_position=\u00a0\u00bball\u00a0\u00bb background_color=\u00a0\u00bb#64ba87&Prime; background_color_opacity=\u00a0\u00bb1&Prime; background_color_hover=\u00a0\u00bb#29235c\u00a0\u00bb background_hover_color_opacity=\u00a0\u00bb1&Prime; font_color=\u00a0\u00bb#ffffff\u00a0\u00bb column_shadow=\u00a0\u00bbnone\u00a0\u00bb column_border_radius=\u00a0\u00bb20px\u00a0\u00bb width=\u00a0\u00bb1\/2&Prime; column_border_width=\u00a0\u00bb8px\u00a0\u00bb column_border_color=\u00a0\u00bb#f9f9f9&Prime; column_border_style=\u00a0\u00bbsolid\u00a0\u00bb][vc_column_text]\n<h4><span style=\"color: #ffffff;\"><strong>TR\u00c8S PRATIQUE POUR LE CONSOMMATEUR<\/strong><\/span><\/h4>\n<p>Gagner du temps en faisant ses courses depuis son smartphone ou sa tablette, puis r\u00e9cup\u00e9rer sa commande en toute autonomie gr\u00e2ce au casier Click and Collect, sans frais de livraison.[\/vc_column_text][\/vc_column_inner][vc_column_inner column_padding=\u00a0\u00bbpadding-3-percent\u00a0\u00bb column_padding_position=\u00a0\u00bball\u00a0\u00bb background_color=\u00a0\u00bb#64ba87&Prime; background_color_opacity=\u00a0\u00bb1&Prime; background_color_hover=\u00a0\u00bb#29235c\u00a0\u00bb background_hover_color_opacity=\u00a0\u00bb1&Prime; font_color=\u00a0\u00bb#ffffff\u00a0\u00bb column_shadow=\u00a0\u00bbnone\u00a0\u00bb column_border_radius=\u00a0\u00bb20px\u00a0\u00bb width=\u00a0\u00bb1\/2&Prime; column_border_width=\u00a0\u00bb8px\u00a0\u00bb column_border_color=\u00a0\u00bb#f9f9f9&Prime; column_border_style=\u00a0\u00bbsolid\u00a0\u00bb][vc_column_text]\n<h4><span style=\"color: #ffffff;\"><strong>UNE COMMUNICATION FLUIDE ENTRE LE COMMER\u00c7ANT ET LE CLIENT<\/strong><\/span><\/h4>\n<p>Notifications automatiques en temps r\u00e9el pour le suivi de commande et exp\u00e9rience d\u2019achat s\u00e9curis\u00e9e et rassurante.[\/vc_column_text][\/vc_column_inner][\/vc_row_inner][vc_row_inner equal_height=\u00a0\u00bbyes\u00a0\u00bb content_placement=\u00a0\u00bbmiddle\u00a0\u00bb column_margin=\u00a0\u00bbdefault\u00a0\u00bb text_align=\u00a0\u00bbleft\u00a0\u00bb][vc_column_inner column_padding=\u00a0\u00bbpadding-3-percent\u00a0\u00bb column_padding_position=\u00a0\u00bball\u00a0\u00bb background_color=\u00a0\u00bb#64ba87&Prime; background_color_opacity=\u00a0\u00bb1&Prime; background_color_hover=\u00a0\u00bb#29235c\u00a0\u00bb background_hover_color_opacity=\u00a0\u00bb1&Prime; font_color=\u00a0\u00bb#ffffff\u00a0\u00bb column_shadow=\u00a0\u00bbnone\u00a0\u00bb column_border_radius=\u00a0\u00bb20px\u00a0\u00bb width=\u00a0\u00bb1\/2&Prime; column_border_width=\u00a0\u00bb8px\u00a0\u00bb column_border_color=\u00a0\u00bb#f9f9f9&Prime; column_border_style=\u00a0\u00bbsolid\u00a0\u00bb][vc_column_text]\n<h4><span style=\"color: #ffffff;\"><strong>UNE FACILIT\u00c9 DE GESTION POUR LES COMMER\u00c7ANTS <\/strong><\/span><\/h4>\n<p>Suivi des commandes en un clin d\u2019\u0153il, mise \u00e0 jour automatique du statut des commandes, communication informatis\u00e9e avec les clients, gestion simplifi\u00e9e des retraits via votre distributeur alimentaire Click and Collect.[\/vc_column_text][\/vc_column_inner][vc_column_inner column_padding=\u00a0\u00bbpadding-3-percent\u00a0\u00bb column_padding_position=\u00a0\u00bball\u00a0\u00bb background_color=\u00a0\u00bb#64ba87&Prime; background_color_opacity=\u00a0\u00bb1&Prime; background_color_hover=\u00a0\u00bb#29235c\u00a0\u00bb background_hover_color_opacity=\u00a0\u00bb1&Prime; font_color=\u00a0\u00bb#ffffff\u00a0\u00bb column_shadow=\u00a0\u00bbnone\u00a0\u00bb column_border_radius=\u00a0\u00bb20px\u00a0\u00bb width=\u00a0\u00bb1\/2&Prime; column_border_width=\u00a0\u00bb8px\u00a0\u00bb column_border_color=\u00a0\u00bb#f9f9f9&Prime; column_border_style=\u00a0\u00bbsolid\u00a0\u00bb][vc_column_text]\n<h4><span style=\"color: #ffffff;\"><strong>SECURIS\u00c9 ET FIABLE <\/strong><\/span><\/h4>\n<p>Validation manuelle des comptes clients, protection des donn\u00e9es personnelles et paiement s\u00e9curis\u00e9.[\/vc_column_text][\/vc_column_inner][\/vc_row_inner]<div class=\"divider-wrap\"><div style=\"height: 20px;\" class=\"divider\"><\/div><\/div>[nectar_btn size=\u00a0\u00bblarge\u00a0\u00bb button_style=\u00a0\u00bbregular\u00a0\u00bb button_color_2=\u00a0\u00bbExtra-Color-1&Prime; color_override=\u00a0\u00bb#29235c\u00a0\u00bb icon_family=\u00a0\u00bbfontawesome\u00a0\u00bb text=\u00a0\u00bbJE T\u00c9L\u00c9CHARGE L&rsquo;APPLICATION\u00a0\u00bb icon_fontawesome=\u00a0\u00bbfa fa-arrow-circle-right\u00a0\u00bb url=\u00a0\u00bb\/index.php\/telecharger-lapplication\/\u00a0\u00bb][\/vc_column][\/vc_row]\n","protected":false},"excerpt":{"rendered":"<p>[vc_row type=\u00a0\u00bbin_container\u00a0\u00bb full_screen_row_position=\u00a0\u00bbmiddle\u00a0\u00bb scene_position=\u00a0\u00bbcenter\u00a0\u00bb text_color=\u00a0\u00bbdark\u00a0\u00bb text_align=\u00a0\u00bbleft\u00a0\u00bb overlay_strength=\u00a0\u00bb0.3&Prime; shape_divider_position=\u00a0\u00bbbottom\u00a0\u00bb][vc_column column_padding=\u00a0\u00bbno-extra-padding\u00a0\u00bb column_padding_position=\u00a0\u00bball\u00a0\u00bb background_color_opacity=\u00a0\u00bb1&Prime; background_hover_color_opacity=\u00a0\u00bb1&Prime; column_shadow=\u00a0\u00bbnone\u00a0\u00bb column_border_radius=\u00a0\u00bbnone\u00a0\u00bb width=\u00a0\u00bb1\/6&Prime;&#8230;<\/p>\n","protected":false},"author":3,"featured_media":0,"parent":0,"menu_order":0,"comment_status":"closed","ping_status":"closed","template":"","meta":{"footnotes":""},"class_list":["post-11363","page","type-page","status-publish"],"yoast_head":"<!-- This site is optimized with the Yoast SEO Premium plugin v26.6 (Yoast SEO v26.6) - https:\/\/yoast.com\/wordpress\/plugins\/seo\/ -->\n<title>Casier click and collect : votre application mobile pour votre distributeur alimentaire click and collect<\/title>\n<meta name=\"description\" content=\"Vos clients ach\u00e8tent vos produits depuis l&#039;application LCF et r\u00e9cup\u00e8rent leur commande dans votre distributeur une fois la commande pr\u00e9par\u00e9e.\" \/>\n<meta name=\"robots\" content=\"index, follow, max-snippet:-1, max-image-preview:large, max-video-preview:-1\" \/>\n<link rel=\"canonical\" href=\"https:\/\/lecasierfrancais.fr\/index.php\/le-click-and-case-collect\/\" \/>\n<meta property=\"og:locale\" content=\"fr_FR\" \/>\n<meta property=\"og:type\" content=\"article\" \/>\n<meta property=\"og:title\" content=\"Le Click and Case Collect\" \/>\n<meta property=\"og:description\" content=\"Vos clients ach\u00e8tent vos produits depuis l&#039;application LCF et r\u00e9cup\u00e8rent leur commande dans votre distributeur une fois la commande pr\u00e9par\u00e9e.\" \/>\n<meta property=\"og:url\" content=\"https:\/\/lecasierfrancais.fr\/index.php\/le-click-and-case-collect\/\" \/>\n<meta property=\"og:site_name\" content=\"Le Casier Fran\u00e7ais\" \/>\n<meta property=\"article:publisher\" content=\"https:\/\/www.facebook.com\/lecasierfrancais\/\" \/>\n<meta property=\"article:modified_time\" content=\"2026-03-30T12:45:12+00:00\" \/>\n<meta name=\"twitter:card\" content=\"summary_large_image\" \/>\n<meta name=\"twitter:label1\" content=\"Dur\u00e9e de lecture estim\u00e9e\" \/>\n\t<meta name=\"twitter:data1\" content=\"2 minutes\" \/>\n<script type=\"application\/ld+json\" class=\"yoast-schema-graph\">{\"@context\":\"https:\/\/schema.org\",\"@graph\":[{\"@type\":\"WebPage\",\"@id\":\"https:\/\/lecasierfrancais.fr\/index.php\/le-click-and-case-collect\/\",\"url\":\"https:\/\/lecasierfrancais.fr\/index.php\/le-click-and-case-collect\/\",\"name\":\"Casier click and collect : votre application mobile pour votre distributeur alimentaire click and collect\",\"isPartOf\":{\"@id\":\"https:\/\/lecasierfrancais.fr\/#website\"},\"datePublished\":\"2024-09-09T09:35:39+00:00\",\"dateModified\":\"2026-03-30T12:45:12+00:00\",\"description\":\"Vos clients ach\u00e8tent vos produits depuis l'application LCF et r\u00e9cup\u00e8rent leur commande dans votre distributeur une fois la commande pr\u00e9par\u00e9e.\",\"breadcrumb\":{\"@id\":\"https:\/\/lecasierfrancais.fr\/index.php\/le-click-and-case-collect\/#breadcrumb\"},\"inLanguage\":\"fr-FR\",\"potentialAction\":[{\"@type\":\"ReadAction\",\"target\":[\"https:\/\/lecasierfrancais.fr\/index.php\/le-click-and-case-collect\/\"]}]},{\"@type\":\"BreadcrumbList\",\"@id\":\"https:\/\/lecasierfrancais.fr\/index.php\/le-click-and-case-collect\/#breadcrumb\",\"itemListElement\":[{\"@type\":\"ListItem\",\"position\":1,\"name\":\"Accueil\",\"item\":\"https:\/\/lecasierfrancais.fr\/\"},{\"@type\":\"ListItem\",\"position\":2,\"name\":\"Le Click and Case Collect\"}]},{\"@type\":\"WebSite\",\"@id\":\"https:\/\/lecasierfrancais.fr\/#website\",\"url\":\"https:\/\/lecasierfrancais.fr\/\",\"name\":\"Le Casier Fran\u00e7ais\",\"description\":\"Fabricant de casiers connect\u00e9s pour la vente directe de vos produits\",\"potentialAction\":[{\"@type\":\"SearchAction\",\"target\":{\"@type\":\"EntryPoint\",\"urlTemplate\":\"https:\/\/lecasierfrancais.fr\/?s={search_term_string}\"},\"query-input\":{\"@type\":\"PropertyValueSpecification\",\"valueRequired\":true,\"valueName\":\"search_term_string\"}}],\"inLanguage\":\"fr-FR\"}]}<\/script>\n<!-- \/ Yoast SEO Premium plugin. -->","yoast_head_json":{"title":"Casier click and collect : votre application mobile pour votre distributeur alimentaire click and collect","description":"Vos clients ach\u00e8tent vos produits depuis l'application LCF et r\u00e9cup\u00e8rent leur commande dans votre distributeur une fois la commande pr\u00e9par\u00e9e.","robots":{"index":"index","follow":"follow","max-snippet":"max-snippet:-1","max-image-preview":"max-image-preview:large","max-video-preview":"max-video-preview:-1"},"canonical":"https:\/\/lecasierfrancais.fr\/index.php\/le-click-and-case-collect\/","og_locale":"fr_FR","og_type":"article","og_title":"Le Click and Case Collect","og_description":"Vos clients ach\u00e8tent vos produits depuis l'application LCF et r\u00e9cup\u00e8rent leur commande dans votre distributeur une fois la commande pr\u00e9par\u00e9e.","og_url":"https:\/\/lecasierfrancais.fr\/index.php\/le-click-and-case-collect\/","og_site_name":"Le Casier Fran\u00e7ais","article_publisher":"https:\/\/www.facebook.com\/lecasierfrancais\/","article_modified_time":"2026-03-30T12:45:12+00:00","twitter_card":"summary_large_image","twitter_misc":{"Dur\u00e9e de lecture estim\u00e9e":"2 minutes"},"schema":{"@context":"https:\/\/schema.org","@graph":[{"@type":"WebPage","@id":"https:\/\/lecasierfrancais.fr\/index.php\/le-click-and-case-collect\/","url":"https:\/\/lecasierfrancais.fr\/index.php\/le-click-and-case-collect\/","name":"Casier click and collect : votre application mobile pour votre distributeur alimentaire click and collect","isPartOf":{"@id":"https:\/\/lecasierfrancais.fr\/#website"},"datePublished":"2024-09-09T09:35:39+00:00","dateModified":"2026-03-30T12:45:12+00:00","description":"Vos clients ach\u00e8tent vos produits depuis l'application LCF et r\u00e9cup\u00e8rent leur commande dans votre distributeur une fois la commande pr\u00e9par\u00e9e.","breadcrumb":{"@id":"https:\/\/lecasierfrancais.fr\/index.php\/le-click-and-case-collect\/#breadcrumb"},"inLanguage":"fr-FR","potentialAction":[{"@type":"ReadAction","target":["https:\/\/lecasierfrancais.fr\/index.php\/le-click-and-case-collect\/"]}]},{"@type":"BreadcrumbList","@id":"https:\/\/lecasierfrancais.fr\/index.php\/le-click-and-case-collect\/#breadcrumb","itemListElement":[{"@type":"ListItem","position":1,"name":"Accueil","item":"https:\/\/lecasierfrancais.fr\/"},{"@type":"ListItem","position":2,"name":"Le Click and Case Collect"}]},{"@type":"WebSite","@id":"https:\/\/lecasierfrancais.fr\/#website","url":"https:\/\/lecasierfrancais.fr\/","name":"Le Casier Fran\u00e7ais","description":"Fabricant de casiers connect\u00e9s pour la vente directe de vos produits","potentialAction":[{"@type":"SearchAction","target":{"@type":"EntryPoint","urlTemplate":"https:\/\/lecasierfrancais.fr\/?s={search_term_string}"},"query-input":{"@type":"PropertyValueSpecification","valueRequired":true,"valueName":"search_term_string"}}],"inLanguage":"fr-FR"}]}},"_links":{"self":[{"href":"https:\/\/lecasierfrancais.fr\/index.php\/wp-json\/wp\/v2\/pages\/11363","targetHints":{"allow":["GET"]}}],"collection":[{"href":"https:\/\/lecasierfrancais.fr\/index.php\/wp-json\/wp\/v2\/pages"}],"about":[{"href":"https:\/\/lecasierfrancais.fr\/index.php\/wp-json\/wp\/v2\/types\/page"}],"author":[{"embeddable":true,"href":"https:\/\/lecasierfrancais.fr\/index.php\/wp-json\/wp\/v2\/users\/3"}],"replies":[{"embeddable":true,"href":"https:\/\/lecasierfrancais.fr\/index.php\/wp-json\/wp\/v2\/comments?post=11363"}],"version-history":[{"count":29,"href":"https:\/\/lecasierfrancais.fr\/index.php\/wp-json\/wp\/v2\/pages\/11363\/revisions"}],"predecessor-version":[{"id":20542,"href":"https:\/\/lecasierfrancais.fr\/index.php\/wp-json\/wp\/v2\/pages\/11363\/revisions\/20542"}],"wp:attachment":[{"href":"https:\/\/lecasierfrancais.fr\/index.php\/wp-json\/wp\/v2\/media?parent=11363"}],"curies":[{"name":"wp","href":"https:\/\/api.w.org\/{rel}","templated":true}]}}