{"id":11380,"date":"2024-09-09T11:59:57","date_gmt":"2024-09-09T09:59:57","guid":{"rendered":"https:\/\/lecasierfrancais.fr\/?page_id=11380"},"modified":"2024-09-13T15:41:45","modified_gmt":"2024-09-13T13:41:45","slug":"fifo","status":"publish","type":"page","link":"https:\/\/lecasierfrancais.fr\/index.php\/fifo\/","title":{"rendered":"FIFO"},"content":{"rendered":"[vc_row type=\u00a0\u00bbin_container\u00a0\u00bb full_screen_row_position=\u00a0\u00bbmiddle\u00a0\u00bb scene_position=\u00a0\u00bbcenter\u00a0\u00bb text_color=\u00a0\u00bbdark\u00a0\u00bb text_align=\u00a0\u00bbleft\u00a0\u00bb overlay_strength=\u00a0\u00bb0.3&Prime; shape_divider_position=\u00a0\u00bbbottom\u00a0\u00bb][vc_column column_padding=\u00a0\u00bbno-extra-padding\u00a0\u00bb column_padding_position=\u00a0\u00bball\u00a0\u00bb background_color_opacity=\u00a0\u00bb1&Prime; background_hover_color_opacity=\u00a0\u00bb1&Prime; column_shadow=\u00a0\u00bbnone\u00a0\u00bb column_border_radius=\u00a0\u00bbnone\u00a0\u00bb width=\u00a0\u00bb1\/6&Prime; tablet_text_alignment=\u00a0\u00bbdefault\u00a0\u00bb phone_text_alignment=\u00a0\u00bbdefault\u00a0\u00bb column_border_width=\u00a0\u00bbnone\u00a0\u00bb column_border_style=\u00a0\u00bbsolid\u00a0\u00bb][nectar_btn size=\u00a0\u00bblarge\u00a0\u00bb button_style=\u00a0\u00bbregular\u00a0\u00bb button_color_2=\u00a0\u00bbAccent-Color\u00a0\u00bb color_override=\u00a0\u00bb#64ba87&Prime; icon_family=\u00a0\u00bbnone\u00a0\u00bb text=\u00a0\u00bbRetour\u00a0\u00bb url=\u00a0\u00bb\/index.php\/nos-solutions-modulables\/nos-services\/\u00a0\u00bb][\/vc_column][vc_column column_padding=\u00a0\u00bbno-extra-padding\u00a0\u00bb column_padding_position=\u00a0\u00bball\u00a0\u00bb background_color_opacity=\u00a0\u00bb1&Prime; background_hover_color_opacity=\u00a0\u00bb1&Prime; column_shadow=\u00a0\u00bbnone\u00a0\u00bb column_border_radius=\u00a0\u00bbnone\u00a0\u00bb width=\u00a0\u00bb5\/6&Prime; tablet_text_alignment=\u00a0\u00bbdefault\u00a0\u00bb phone_text_alignment=\u00a0\u00bbdefault\u00a0\u00bb column_border_width=\u00a0\u00bbnone\u00a0\u00bb column_border_style=\u00a0\u00bbsolid\u00a0\u00bb][\/vc_column][\/vc_row][vc_row type=\u00a0\u00bbin_container\u00a0\u00bb full_screen_row_position=\u00a0\u00bbmiddle\u00a0\u00bb equal_height=\u00a0\u00bbyes\u00a0\u00bb scene_position=\u00a0\u00bbcenter\u00a0\u00bb text_color=\u00a0\u00bbdark\u00a0\u00bb text_align=\u00a0\u00bbleft\u00a0\u00bb bottom_padding=\u00a0\u00bb3%\u00a0\u00bb overlay_strength=\u00a0\u00bb0.3&Prime; shape_divider_position=\u00a0\u00bbbottom\u00a0\u00bb shape_type=\u00a0\u00bb\u00a0\u00bb][vc_column column_padding=\u00a0\u00bbno-extra-padding\u00a0\u00bb column_padding_position=\u00a0\u00bball\u00a0\u00bb background_color_opacity=\u00a0\u00bb1&Prime; background_hover_color_opacity=\u00a0\u00bb1&Prime; column_shadow=\u00a0\u00bbnone\u00a0\u00bb column_border_radius=\u00a0\u00bb20px\u00a0\u00bb width=\u00a0\u00bb1\/2&Prime; tablet_text_alignment=\u00a0\u00bbdefault\u00a0\u00bb phone_text_alignment=\u00a0\u00bbdefault\u00a0\u00bb column_border_width=\u00a0\u00bbnone\u00a0\u00bb column_border_color=\u00a0\u00bb#f9f9f9&Prime;]<div class=\"img-with-aniamtion-wrap center\" data-max-width=\"100%\" data-border-radius=\"20px\"><div class=\"inner\"><img decoding=\"async\" data-shadow=\"none\" data-shadow-direction=\"middle\" class=\"img-with-animation \" data-delay=\"0\" height=\"1920\" width=\"2557\" data-animation=\"fade-in\" src=\"https:\/\/lecasierfrancais.fr\/wp-content\/uploads\/2022\/08\/ClickandCasecollect_Tomates.jpg\" srcset=\"https:\/\/lecasierfrancais.fr\/wp-content\/uploads\/2022\/08\/ClickandCasecollect_Tomates.jpg 2557w, https:\/\/lecasierfrancais.fr\/wp-content\/uploads\/2022\/08\/ClickandCasecollect_Tomates-300x225.jpg 300w, https:\/\/lecasierfrancais.fr\/wp-content\/uploads\/2022\/08\/ClickandCasecollect_Tomates-1024x769.jpg 1024w, https:\/\/lecasierfrancais.fr\/wp-content\/uploads\/2022\/08\/ClickandCasecollect_Tomates-768x577.jpg 768w, https:\/\/lecasierfrancais.fr\/wp-content\/uploads\/2022\/08\/ClickandCasecollect_Tomates-1536x1153.jpg 1536w, https:\/\/lecasierfrancais.fr\/wp-content\/uploads\/2022\/08\/ClickandCasecollect_Tomates-2048x1538.jpg 2048w\" sizes=\"100vw\" alt=\"Panier fruits et l\u00e9gumes qui sort du casier\" \/><\/div><\/div>[\/vc_column][vc_column column_padding=\u00a0\u00bbpadding-3-percent\u00a0\u00bb column_padding_position=\u00a0\u00bball\u00a0\u00bb background_color_opacity=\u00a0\u00bb1&Prime; background_hover_color_opacity=\u00a0\u00bb1&Prime; column_shadow=\u00a0\u00bbnone\u00a0\u00bb column_border_radius=\u00a0\u00bbnone\u00a0\u00bb width=\u00a0\u00bb1\/2&Prime; tablet_text_alignment=\u00a0\u00bbdefault\u00a0\u00bb phone_text_alignment=\u00a0\u00bbdefault\u00a0\u00bb column_border_width=\u00a0\u00bbnone\u00a0\u00bb column_border_style=\u00a0\u00bbsolid\u00a0\u00bb][vc_column_text]\n<h1><span style=\"color: #29235c;\">La solution antigaspi par Le Casier Fran\u00e7ais<\/span><\/h1>\n[\/vc_column_text]<div class=\"divider-wrap\"><div style=\"margin-top: 10px; height: 2px; margin-bottom: 10px;\" data-width=\"100%\" data-animate=\"\" data-animation-delay=\"\" data-color=\"default\" class=\"divider-border\"><\/div><\/div>[vc_column_text]Dans notre d\u00e9marche \u00e9thique et responsable, nous avons \u00e9galement pens\u00e9 \u00e0 param\u00e9trer nos casiers de sorte \u00e0<strong> \u00e9viter le gaspillage alimentaire<\/strong>. Cette m\u00e9thode s\u2019appelle <em>First in, first out<\/em> (litt\u00e9ralement \u00ab\u00a0Premier entr\u00e9, premier sorti\u00a0\u00bb) : lorsque le client choisit un produit p\u00e9rissable sur la borne de commande, c\u2019est le casier r\u00e9approvisionn\u00e9 en premier qui s\u2019ouvrira.<\/p>\n<p>Cela \u00e9vite donc la perte de marchandise p\u00e9rim\u00e9e, tout en garantissant <strong>la fra\u00eecheur constante des produits.<\/strong> Une petite r\u00e9volution rendue possible gr\u00e2ce au commerce en distributeur automatique dans le respect des normes alimentaires.[\/vc_column_text][\/vc_column][\/vc_row]\n","protected":false},"excerpt":{"rendered":"<p>[vc_row type=\u00a0\u00bbin_container\u00a0\u00bb full_screen_row_position=\u00a0\u00bbmiddle\u00a0\u00bb scene_position=\u00a0\u00bbcenter\u00a0\u00bb text_color=\u00a0\u00bbdark\u00a0\u00bb text_align=\u00a0\u00bbleft\u00a0\u00bb overlay_strength=\u00a0\u00bb0.3&Prime; shape_divider_position=\u00a0\u00bbbottom\u00a0\u00bb][vc_column column_padding=\u00a0\u00bbno-extra-padding\u00a0\u00bb column_padding_position=\u00a0\u00bball\u00a0\u00bb background_color_opacity=\u00a0\u00bb1&Prime; background_hover_color_opacity=\u00a0\u00bb1&Prime; column_shadow=\u00a0\u00bbnone\u00a0\u00bb column_border_radius=\u00a0\u00bbnone\u00a0\u00bb width=\u00a0\u00bb1\/6&Prime;&#8230;<\/p>\n","protected":false},"author":3,"featured_media":0,"parent":0,"menu_order":0,"comment_status":"closed","ping_status":"closed","template":"","meta":{"footnotes":""},"class_list":["post-11380","page","type-page","status-publish"],"yoast_head":"<!-- This site is optimized with the Yoast SEO Premium plugin v26.6 (Yoast SEO v26.6) - https:\/\/yoast.com\/wordpress\/plugins\/seo\/ -->\n<title>Non au gaspillage alimentaire avec votre distributeur automatique Le Casier Fran\u00e7ais<\/title>\n<meta name=\"description\" content=\"Notre solution d\u00e9velopp\u00e9e express\u00e9ment pour \u00e9viter la perte de marchandise p\u00e9rim\u00e9e. La belle astuce pour un commerce intelligent !\" \/>\n<meta name=\"robots\" content=\"index, follow, max-snippet:-1, max-image-preview:large, max-video-preview:-1\" \/>\n<link rel=\"canonical\" href=\"https:\/\/lecasierfrancais.fr\/index.php\/fifo\/\" \/>\n<meta property=\"og:locale\" content=\"fr_FR\" \/>\n<meta property=\"og:type\" content=\"article\" \/>\n<meta property=\"og:title\" content=\"FIFO\" \/>\n<meta property=\"og:description\" content=\"Notre solution d\u00e9velopp\u00e9e express\u00e9ment pour \u00e9viter la perte de marchandise p\u00e9rim\u00e9e. La belle astuce pour un commerce intelligent !\" \/>\n<meta property=\"og:url\" content=\"https:\/\/lecasierfrancais.fr\/index.php\/fifo\/\" \/>\n<meta property=\"og:site_name\" content=\"Le Casier Fran\u00e7ais\" \/>\n<meta property=\"article:publisher\" content=\"https:\/\/www.facebook.com\/lecasierfrancais\/\" \/>\n<meta property=\"article:modified_time\" content=\"2024-09-13T13:41:45+00:00\" \/>\n<meta name=\"twitter:card\" content=\"summary_large_image\" \/>\n<meta name=\"twitter:label1\" content=\"Dur\u00e9e de lecture estim\u00e9e\" \/>\n\t<meta name=\"twitter:data1\" content=\"1 minute\" \/>\n<script type=\"application\/ld+json\" class=\"yoast-schema-graph\">{\"@context\":\"https:\/\/schema.org\",\"@graph\":[{\"@type\":\"WebPage\",\"@id\":\"https:\/\/lecasierfrancais.fr\/index.php\/fifo\/\",\"url\":\"https:\/\/lecasierfrancais.fr\/index.php\/fifo\/\",\"name\":\"Non au gaspillage alimentaire avec votre distributeur automatique Le Casier Fran\u00e7ais\",\"isPartOf\":{\"@id\":\"https:\/\/lecasierfrancais.fr\/#website\"},\"datePublished\":\"2024-09-09T09:59:57+00:00\",\"dateModified\":\"2024-09-13T13:41:45+00:00\",\"description\":\"Notre solution d\u00e9velopp\u00e9e express\u00e9ment pour \u00e9viter la perte de marchandise p\u00e9rim\u00e9e. La belle astuce pour un commerce intelligent !\",\"breadcrumb\":{\"@id\":\"https:\/\/lecasierfrancais.fr\/index.php\/fifo\/#breadcrumb\"},\"inLanguage\":\"fr-FR\",\"potentialAction\":[{\"@type\":\"ReadAction\",\"target\":[\"https:\/\/lecasierfrancais.fr\/index.php\/fifo\/\"]}]},{\"@type\":\"BreadcrumbList\",\"@id\":\"https:\/\/lecasierfrancais.fr\/index.php\/fifo\/#breadcrumb\",\"itemListElement\":[{\"@type\":\"ListItem\",\"position\":1,\"name\":\"Accueil\",\"item\":\"https:\/\/lecasierfrancais.fr\/\"},{\"@type\":\"ListItem\",\"position\":2,\"name\":\"FIFO\"}]},{\"@type\":\"WebSite\",\"@id\":\"https:\/\/lecasierfrancais.fr\/#website\",\"url\":\"https:\/\/lecasierfrancais.fr\/\",\"name\":\"Le Casier Fran\u00e7ais\",\"description\":\"Fabricant de casiers connect\u00e9s pour la vente directe de vos produits\",\"potentialAction\":[{\"@type\":\"SearchAction\",\"target\":{\"@type\":\"EntryPoint\",\"urlTemplate\":\"https:\/\/lecasierfrancais.fr\/?s={search_term_string}\"},\"query-input\":{\"@type\":\"PropertyValueSpecification\",\"valueRequired\":true,\"valueName\":\"search_term_string\"}}],\"inLanguage\":\"fr-FR\"}]}<\/script>\n<!-- \/ Yoast SEO Premium plugin. -->","yoast_head_json":{"title":"Non au gaspillage alimentaire avec votre distributeur automatique Le Casier Fran\u00e7ais","description":"Notre solution d\u00e9velopp\u00e9e express\u00e9ment pour \u00e9viter la perte de marchandise p\u00e9rim\u00e9e. La belle astuce pour un commerce intelligent !","robots":{"index":"index","follow":"follow","max-snippet":"max-snippet:-1","max-image-preview":"max-image-preview:large","max-video-preview":"max-video-preview:-1"},"canonical":"https:\/\/lecasierfrancais.fr\/index.php\/fifo\/","og_locale":"fr_FR","og_type":"article","og_title":"FIFO","og_description":"Notre solution d\u00e9velopp\u00e9e express\u00e9ment pour \u00e9viter la perte de marchandise p\u00e9rim\u00e9e. La belle astuce pour un commerce intelligent !","og_url":"https:\/\/lecasierfrancais.fr\/index.php\/fifo\/","og_site_name":"Le Casier Fran\u00e7ais","article_publisher":"https:\/\/www.facebook.com\/lecasierfrancais\/","article_modified_time":"2024-09-13T13:41:45+00:00","twitter_card":"summary_large_image","twitter_misc":{"Dur\u00e9e de lecture estim\u00e9e":"1 minute"},"schema":{"@context":"https:\/\/schema.org","@graph":[{"@type":"WebPage","@id":"https:\/\/lecasierfrancais.fr\/index.php\/fifo\/","url":"https:\/\/lecasierfrancais.fr\/index.php\/fifo\/","name":"Non au gaspillage alimentaire avec votre distributeur automatique Le Casier Fran\u00e7ais","isPartOf":{"@id":"https:\/\/lecasierfrancais.fr\/#website"},"datePublished":"2024-09-09T09:59:57+00:00","dateModified":"2024-09-13T13:41:45+00:00","description":"Notre solution d\u00e9velopp\u00e9e express\u00e9ment pour \u00e9viter la perte de marchandise p\u00e9rim\u00e9e. La belle astuce pour un commerce intelligent !","breadcrumb":{"@id":"https:\/\/lecasierfrancais.fr\/index.php\/fifo\/#breadcrumb"},"inLanguage":"fr-FR","potentialAction":[{"@type":"ReadAction","target":["https:\/\/lecasierfrancais.fr\/index.php\/fifo\/"]}]},{"@type":"BreadcrumbList","@id":"https:\/\/lecasierfrancais.fr\/index.php\/fifo\/#breadcrumb","itemListElement":[{"@type":"ListItem","position":1,"name":"Accueil","item":"https:\/\/lecasierfrancais.fr\/"},{"@type":"ListItem","position":2,"name":"FIFO"}]},{"@type":"WebSite","@id":"https:\/\/lecasierfrancais.fr\/#website","url":"https:\/\/lecasierfrancais.fr\/","name":"Le Casier Fran\u00e7ais","description":"Fabricant de casiers connect\u00e9s pour la vente directe de vos produits","potentialAction":[{"@type":"SearchAction","target":{"@type":"EntryPoint","urlTemplate":"https:\/\/lecasierfrancais.fr\/?s={search_term_string}"},"query-input":{"@type":"PropertyValueSpecification","valueRequired":true,"valueName":"search_term_string"}}],"inLanguage":"fr-FR"}]}},"_links":{"self":[{"href":"https:\/\/lecasierfrancais.fr\/index.php\/wp-json\/wp\/v2\/pages\/11380","targetHints":{"allow":["GET"]}}],"collection":[{"href":"https:\/\/lecasierfrancais.fr\/index.php\/wp-json\/wp\/v2\/pages"}],"about":[{"href":"https:\/\/lecasierfrancais.fr\/index.php\/wp-json\/wp\/v2\/types\/page"}],"author":[{"embeddable":true,"href":"https:\/\/lecasierfrancais.fr\/index.php\/wp-json\/wp\/v2\/users\/3"}],"replies":[{"embeddable":true,"href":"https:\/\/lecasierfrancais.fr\/index.php\/wp-json\/wp\/v2\/comments?post=11380"}],"version-history":[{"count":15,"href":"https:\/\/lecasierfrancais.fr\/index.php\/wp-json\/wp\/v2\/pages\/11380\/revisions"}],"predecessor-version":[{"id":12042,"href":"https:\/\/lecasierfrancais.fr\/index.php\/wp-json\/wp\/v2\/pages\/11380\/revisions\/12042"}],"wp:attachment":[{"href":"https:\/\/lecasierfrancais.fr\/index.php\/wp-json\/wp\/v2\/media?parent=11380"}],"curies":[{"name":"wp","href":"https:\/\/api.w.org\/{rel}","templated":true}]}}